{"id":2650,"date":"2024-01-19T05:22:26","date_gmt":"2024-01-19T11:22:26","guid":{"rendered":"https:\/\/cargado.com\/privacy\/"},"modified":"2025-02-12T18:44:29","modified_gmt":"2025-02-13T00:44:29","slug":"aviso-de-privacidad-de-cargado","status":"publish","type":"page","link":"https:\/\/cargado.com\/es-MX\/aviso-de-privacidad-de-cargado\/","title":{"rendered":"Aviso de privacidad de Cargado"},"content":{"rendered":"\t\t<div data-elementor-type=\"wp-page\" data-elementor-id=\"2650\" class=\"elementor elementor-2650 elementor-783\" data-elementor-post-type=\"page\">\n\t\t\t\t<div class=\"elementor-element elementor-element-6642a92 e-flex e-con-boxed e-con e-parent\" data-id=\"6642a92\" data-element_type=\"container\" data-e-type=\"container\" data-settings=\"{&quot;background_background&quot;:&quot;classic&quot;}\">\n\t\t\t\t\t<div class=\"e-con-inner\">\n\t\t\t\t<div class=\"elementor-element elementor-element-30851ca elementor-widget elementor-widget-heading\" data-id=\"30851ca\" data-element_type=\"widget\" data-e-type=\"widget\" data-widget_type=\"heading.default\">\n\t\t\t\t<div class=\"elementor-widget-container\">\n\t\t\t\t\t<h1 class=\"elementor-heading-title elementor-size-default\">Aviso de privacidad de Cargado<\/h1>\t\t\t\t<\/div>\n\t\t\t\t<\/div>\n\t\t\t\t\t<\/div>\n\t\t\t\t<\/div>\n\t\t<div class=\"elementor-element elementor-element-faa7eae e-flex e-con-boxed e-con e-parent\" data-id=\"faa7eae\" data-element_type=\"container\" data-e-type=\"container\">\n\t\t\t\t\t<div class=\"e-con-inner\">\n\t\t\t\t<div class=\"elementor-element elementor-element-cbfdbf0 elementor-widget__width-initial elementor-widget elementor-widget-text-editor\" data-id=\"cbfdbf0\" data-element_type=\"widget\" data-e-type=\"widget\" data-widget_type=\"text-editor.default\">\n\t\t\t\t<div class=\"elementor-widget-container\">\n\t\t\t\t\t\t\t\t\t<h1>Aviso de privacidad de Cargado<\/h1>\n<p><strong>Fecha de entrada en vigencia: Julio 19, 2024<\/strong><\/p>\n<p>Cargado (&#8220;nosotros&#8221;, &#8220;nos&#8221; o &#8220;nuestro&#8221;) respeta su privacidad. El presente aviso de privacidad (&#8220;Aviso&#8221;) explica la Informaci\u00f3n personal que recopilamos cuando usted utiliza nuestro sitio web (&#8220;Sitio&#8221;), nuestra aplicaci\u00f3n web (&#8220;Aplicaci\u00f3n&#8221;) o interact\u00faa con nosotros de cualquier otro modo (en adelante, los &#8220;Servicios&#8221;), por qu\u00e9 la recopilamos, c\u00f3mo la utilizamos, compartimos y divulgamos, y las opciones que usted tiene en relaci\u00f3n con su Informaci\u00f3n personal. <\/p>\n<p>Podremos modificar este Aviso en cualquier momento. Le notificaremos los cambios materiales mediante la publicaci\u00f3n visible de los cambios junto con una alerta en nuestro Sitio, envi\u00e1ndole un correo electr\u00f3nico o notific\u00e1ndole de cualquier otra forma mediante m\u00e9todos similares y apropiados. Todos los cambios entrar\u00e1n en vigor inmediatamente despu\u00e9s de su publicaci\u00f3n en el Sitio, a menos que se indique lo contrario.  <\/p>\n<p>Le rogamos que lea atentamente este Aviso.<\/p>\n<h2>INFORMACI\u00d3N PERSONAL<\/h2>\n<p>Por Informaci\u00f3n personal se entiende la informaci\u00f3n que le identifica, se refiere a usted, le describe, se puede asociar razonablemente a usted o se podr\u00eda vincular razonablemente (en forma directa o indirecta) con usted. La Informaci\u00f3n personal no incluye informaci\u00f3n que est\u00e9 disponible en registros p\u00fablicos o que haya sido desidentificada, agregada o ambas cosas hasta el punto de ya no ser identificable. <\/p>\n<h2>INFORMACI\u00d3N PERSONAL QUE RECOPILAMOS<\/h2>\n<p>Podr\u00edamos recopilar la siguiente Informaci\u00f3n personal cuando usted utiliza los Servicios:<\/p>\n<ul>\n<li><strong>Identificadores personales:<\/strong> como su nombre, direcci\u00f3n postal, n\u00famero de tel\u00e9fono u otra informaci\u00f3n similar.<\/li>\n<li><strong>Datos de geolocalizaci\u00f3n:<\/strong> ubicaci\u00f3n f\u00edsica, traslados o informaci\u00f3n de seguimiento de viajes.<\/li>\n<li><strong>Datos de actividad en Internet u otras redes electr\u00f3nicas:<\/strong> como su direcci\u00f3n IP, informaci\u00f3n relativa a su interacci\u00f3n con nuestro Sitio o Aplicaci\u00f3n, cookies e informaci\u00f3n similar.<\/li>\n<\/ul>\n<p>Tambi\u00e9n podr\u00edamos recopilar cualquier otra Informaci\u00f3n personal que decida facilitarnos directamente al interactuar con los Servicios.<\/p>\n<h2>C\u00d3MO RECOPILAMOS LA INFORMACI\u00d3N PERSONAL<\/h2>\n<h3>Directamente de usted<\/h3>\n<p>Recopilamos su Informaci\u00f3n personal directamente de usted cuando accede e inicia sesi\u00f3n en la Aplicaci\u00f3n o interact\u00faa con nosotros de cualquier otro modo, como cuando se pone en contacto con el servicio de atenci\u00f3n al cliente. Esta Informaci\u00f3n personal es necesaria para darle de alta, brindarle y personalizar los Servicios. <\/p>\n<h3>De usted, en forma autom\u00e1tica<\/h3>\n<p>Es posible que recopilemos determinada Informaci\u00f3n personal sobre usted de forma autom\u00e1tica cuando acceda a los Servicios, los utilice o interact\u00fae con ellos. Cierta Informaci\u00f3n personal es necesaria para que ciertas partes de los Servicios est\u00e9n disponibles. Otra Informaci\u00f3n personal que recopilamos en forma autom\u00e1tica nos ayuda a mejorar nuestros Servicios. Dicha Informaci\u00f3n personal incluye la direcci\u00f3n IP y otros identificadores de dispositivos que se asignan autom\u00e1ticamente a su computadora o dispositivo cuando accede a Internet. Para obtener m\u00e1s informaci\u00f3n, consulte la secci\u00f3n &#8220;Cookies y otras tecnolog\u00edas de seguimiento&#8221; m\u00e1s adelante.    <\/p>\n<h3>De terceros<\/h3>\n<p>Nosotros, o terceros que act\u00faen en nuestro nombre, podremos recopilar Informaci\u00f3n personal sobre usted de terceros, lo que incluye, entre otros, fuentes en l\u00ednea y fuera de l\u00ednea, proveedores de servicios, empresas de soluciones de gesti\u00f3n de transporte, empresas de factoraje, empresas de geolocalizaci\u00f3n y otras entidades que se conecten con usted en los Servicios o que de otro modo utilicen o habiliten su funcionalidad. Tambi\u00e9n podremos recibir Informaci\u00f3n personal relacionada con su uso de los Servicios de terceros proveedores de an\u00e1lisis. Para obtener m\u00e1s informaci\u00f3n, consulte la secci\u00f3n &#8220;Cookies, publicidad dirigida y otras tecnolog\u00edas de seguimiento&#8221; m\u00e1s adelante.  <\/p>\n<h2>C\u00d3MO UTILIZAMOS SU INFORMACI\u00d3N PERSONAL<\/h2>\n<p>Utilizamos su Informaci\u00f3n personal para fines comerciales como los siguientes:<\/p>\n<ul>\n<li>Para brindar y mantener los Servicios To provide and maintain the Services, including to create and manage your account, verify your identity, prevent fraud, and troubleshoot problems.<\/li>\n<li>Para mejorar, desarrollar y analizar los Servicios, lo que incluye la personalizaci\u00f3n de su experiencia con los Servicios, la realizaci\u00f3n de an\u00e1lisis estad\u00edsticos y de otro tipo, y para mejorar de otro modo los Servicios.<\/li>\n<li>Para comunicarnos con usted en relaci\u00f3n con los Servicios, por ejemplo, para enviarle correos electr\u00f3nicos, mensajes de texto, alertas o boletines electr\u00f3nicos, para ofrecerle ofertas especiales o material promocional y de marketing, para ponernos en contacto con usted por tel\u00e9fono, para cumplimentar solicitudes de atenci\u00f3n al cliente, para realizar un seguimiento o para comunicarnos con usted en relaci\u00f3n con los Servicios.<\/li>\n<li>Para el cumplimiento de la ley y otros fines legales, lo que incluye el cumplimiento de leyes, reglamentos u otras obligaciones legales, para la protecci\u00f3n y defensa contra acciones o reclamaciones legales, para satisfacer obligaciones contractuales, para cooperar con la aplicaci\u00f3n de la ley u otros organismos gubernamentales con fines de investigaci\u00f3n, seguridad p\u00fablica o asuntos de importancia p\u00fablica cuando creamos razonablemente que estamos obligados a hacerlo o que la divulgaci\u00f3n de la Informaci\u00f3n personal es necesaria o apropiada para proteger el inter\u00e9s p\u00fablico.<\/li>\n<li>Para otros fines comerciales, como nuestros fines comerciales internos y los que usted autorice o indique expl\u00edcitamente.<\/li>\n<\/ul>\n<h2>C\u00d3MO COMPARTIMOS SU INFORMACI\u00d3N PERSONAL<\/h2>\n<p>Podremos compartir Informaci\u00f3n personal con otras empresas para diversos fines comerciales congruentes con los usos descritos en este Aviso, con terceros seg\u00fan sea necesario para prestar y facilitar los Servicios y cuando usted nos lo indique expl\u00edcitamente, y seg\u00fan lo exija o permita la ley, incluso con:<\/p>\n<ul>\n<li><strong>Otras partes que utilicen los Servicios para habilitar la funcionalidad de los Servicios:<\/strong> Podremos compartir Informaci\u00f3n personal limitada (por ejemplo, nombre e informaci\u00f3n de contacto) con transportistas, agentes y otros usuarios de los Servicios para permitir su funcionalidad y conectar a las partes que utilizan los Servicios.<\/li>\n<li><strong>Proveedores de servicios:<\/strong> Podremos compartir su Informaci\u00f3n personal con proveedores de servicios para ayudarnos a alojar y gestionar los Servicios, mejorar el contenido y la funcionalidad de los Servicios, realizar an\u00e1lisis estad\u00edsticos y de datos, solucionar problemas y mejorar la seguridad de los Servicios.<\/li>\n<li><strong>Partes en transacciones comerciales:<\/strong> En el caso de una fusi\u00f3n o adquisici\u00f3n prevista o real, quiebra u otra venta de la totalidad o parte de nuestros activos, podremos transferir o permitir a terceros el uso de Informaci\u00f3n personal de nuestra propiedad o bajo nuestro control. Nos reservamos el derecho, en relaci\u00f3n con este tipo de transacciones, de transferir, compartir, ceder o vender su Informaci\u00f3n personal a terceros o de autorizar a terceros a utilizar cualquier Informaci\u00f3n personal, incluso para la diligencia debida como parte de cualquier transacci\u00f3n descrita en este p\u00e1rrafo. Toda Informaci\u00f3n personal que se recopile despu\u00e9s de este tipo de transferencia podr\u00e1 estar sujeta a un nuevo aviso de privacidad adoptado por la entidad sucesora.  <\/li>\n<li><strong>Socios de marketing y publicidad:<\/strong> Podremos compartir su Informaci\u00f3n personal con terceros en l\u00ednea y otros socios de marketing y publicidad o permitir que estos socios recopilen Informaci\u00f3n personal directamente de usted en nuestros Servicios para personalizar la publicidad en l\u00ednea.<\/li>\n<li><strong>Cumplimiento de la ley y otras partes por motivos legales:<\/strong> Podremos compartir su Informaci\u00f3n personal con terceros seg\u00fan lo exija la ley o una citaci\u00f3n judicial, o si creemos razonablemente que dicha acci\u00f3n es necesaria para cumplir con la ley y las solicitudes razonables de los reguladores, las fuerzas del orden p\u00fablico u otras autoridades p\u00fablicas, proteger nuestra seguridad y derechos o la seguridad y derechos de otros, e investigar el fraude o proteger la seguridad o integridad de nuestros Servicios.<\/li>\n<li><strong>Terceros para permitir integraciones bajo su direcci\u00f3n:<\/strong> Determinadas funcionalidades de la Aplicaci\u00f3n podr\u00edan permitirle habilitar integraciones de terceros. Si decide habilitar estas integraciones, es posible que se comparta Informaci\u00f3n personal limitada con terceros proveedores para que puedan habilitar la integraci\u00f3n. Al optar por habilitar las integraciones de terceros, usted nos indica expresamente que compartamos dicha Informaci\u00f3n personal, que podr\u00e1 ser utilizada por el proveedor de integraci\u00f3n de terceros para sus propios fines, sujeto a su propio aviso de privacidad.  <\/li>\n<\/ul>\n<h2>CU\u00c1NTO TIEMPO CONSERVAMOS SU INFORMACI\u00d3N PERSONAL<\/h2>\n<p>Conservamos la Informaci\u00f3n personal de conformidad con la legislaci\u00f3n y los requisitos normativos aplicables y durante el tiempo necesario para cumplir los fines comerciales para los que se recopilaron, tal y como se indica en el presente Aviso.<\/p>\n<h2>COOKIES, PUBLICIDAD DIRIGIDA Y OTRAS TECNOLOG\u00cdAS DE SEGUIMIENTO<\/h2>\n<p>Utilizamos cookies, monitores de acceso a la p\u00e1gina, p\u00edxeles de seguimiento y\/u otras tecnolog\u00edas de seguimiento (en su conjunto, &#8220;Cookies&#8221;) en nuestro Sitio y Aplicaci\u00f3n. Una Cookie es un peque\u00f1o archivo de texto que nuestro Sitio guarda en su computadora o dispositivo cuando usted visita el Sitio o utiliza la Aplicaci\u00f3n y que nos brinda cierta informaci\u00f3n sobre sus actividades y permite al Sitio o a la Aplicaci\u00f3n recordar sus acciones y preferencias, reconocerle a usted y a su navegador y recopilar Informaci\u00f3n personal. <\/p>\n<p>Utilizamos estas herramientas para que nuestros Servicios funcionen correctamente, ofrecer experiencias personalizadas, adaptar nuestras interacciones con usted, ayudar con nuestros esfuerzos de marketing, obtener informaci\u00f3n sobre el uso y la eficacia de nuestros Servicios, y para ayudarnos a mejorar continuamente nuestros Servicios.<\/p>\n<p>Tambi\u00e9n podremos utilizar Cookies para adaptar anuncios u ofertas a sus intereses. Podremos permitir que terceras empresas de publicidad recopilen Informaci\u00f3n personal sobre su actividad en nuestro Sitio a trav\u00e9s de Cookies u otras tecnolog\u00edas de seguimiento y combinen esa Informaci\u00f3n personal con la Informaci\u00f3n personal que recopilan en otros sitios no relacionados, que las empresas de publicidad podr\u00edan utilizar para ofrecerle publicidad relevante y espec\u00edfica. <\/p>\n<h3>An\u00e1lisis<\/h3>\n<p>Utilizamos Google Analytics y tecnolog\u00edas similares para recopilar y procesar Informaci\u00f3n personal sobre su uso del Sitio. Google instala Cookies en su navegador o dispositivo, y su navegador web env\u00eda autom\u00e1ticamente informaci\u00f3n a Google. Google utiliza esta informaci\u00f3n para brindarnos informes que utilizamos para comprender y medir mejor c\u00f3mo interact\u00faan los usuarios con nuestro Sitio. Para obtener m\u00e1s informaci\u00f3n sobre c\u00f3mo utiliza Google los datos, visite el Aviso de privacidad de Google y la p\u00e1gina de Google sobre c\u00f3mo utiliza Google los datos cuando usted utiliza los sitios o las aplicaciones de nuestros socios. Puede descargar el complemento de inhabilitaci\u00f3n para navegadores de Google Analytics para cada navegador web que utilice, pero esto no impide el uso de otras herramientas de an\u00e1lisis. Para obtener m\u00e1s informaci\u00f3n sobre las cookies de Google Analytics, visite Uso de las cookies de Google Analytics.     <\/p>\n<h3>Repetici\u00f3n de sesi\u00f3n<\/h3>\n<p>Utilizamos software de repetici\u00f3n de sesiones que nos permite recopilar informaci\u00f3n capturada por terceros sobre c\u00f3mo navega, utiliza e interact\u00faa con nuestro sitio o Servicios en tiempo real para el desarrollo de productos, depuraci\u00f3n y para mejorar nuestro sitio y Servicios. La Informaci\u00f3n personal capturada podr\u00e1 incluir la fecha y hora en que usted visit\u00f3 nuestro sitio o Servicios, direcci\u00f3n IP, informaci\u00f3n del navegador, ID del dispositivo, sistema operativo, cookie e ID del cliente, clics del mouse, movimientos del mouse, pulsaciones de teclas e introducci\u00f3n de texto, comportamiento de desplazamiento, m\u00e9tricas de comportamiento, mapas de calor, tiempos de carga de p\u00e1ginas web o contenidos y errores del sitio. Al utilizar nuestro sitio, usted acepta que nosotros y los terceros que la capturan podamos recopilar y utilizar esta informaci\u00f3n.  <\/p>\n<h2>SUS OPCIONES<\/h2>\n<p>Podr\u00e1 actualizar o corregir cierta Informaci\u00f3n personal que nos haya facilitado editando la informaci\u00f3n de su cuenta en los Servicios o poni\u00e9ndose en contacto con nosotros en <a href=\"mailto:legal@cargado.com\">legal@cargado.com<\/a>.<\/p>\n<p>Las opciones y\/o ajustes de la mayor\u00eda de los navegadores de Internet le indicar\u00e1n c\u00f3mo gestionar las Cookies y otras tecnolog\u00edas de seguimiento que pudieran cargarse en su dispositivo, incluyendo c\u00f3mo desactivarlas. Puede desactivar nuestras Cookies a trav\u00e9s de la configuraci\u00f3n de su navegador, pero tenga en cuenta que hacerlo podr\u00eda afectar a algunas de las caracter\u00edsticas de los Servicios e impedir que funcionen seg\u00fan lo previsto. Puede obtener m\u00e1s informaci\u00f3n sobre las Cookies, incluso c\u00f3mo ver qu\u00e9 Cookies se han cargado en su dispositivo y c\u00f3mo gestionarlas, en https:\/\/www.allaboutcookies.org\/.  <\/p>\n<p>Podr\u00e1 optar por excluirse de nuestras actividades de marketing en cualquier momento siguiendo las instrucciones provistas en los correos electr\u00f3nicos de marketing, o podr\u00e1 contactarnos por correo electr\u00f3nico a <a href=\"mailto:support@cargado.com\">support@cargado.com<\/a>. Tenga en cuenta que la exclusi\u00f3n voluntaria de nuestras actividades de marketing no afectar\u00e1 nuestras comunicaciones administrativas con usted (por ejemplo, correos electr\u00f3nicos sobre sus transacciones o cambios de pol\u00edticas). <\/p>\n<h2>REDES SOCIALES, ENLACES, VIDEOS Y SITIOS EXTERNOS<\/h2>\n<p>Para su comodidad, en nuestro Sitio podr\u00edan aparecer enlaces a sitios web de otras entidades. Si decide visitar estos sitios externos, estar\u00e1 sujeto a sus pr\u00e1cticas de privacidad. Cargado no se responsabiliza de las pr\u00e1cticas de privacidad de las partes o sitios web externos. Le recomendamos que est\u00e9 atento cuando abandone nuestro sitio y que lea el aviso de privacidad de cada sitio web que visite.   <\/p>\n<h2>C\u00d3MO PROTEGEMOS SU INFORMACI\u00d3N PERSONAL<\/h2>\n<p>La protecci\u00f3n de su Informaci\u00f3n personal es importante para nosotros. Utilizamos salvaguardas administrativas, t\u00e9cnicas y f\u00edsicas comercialmente razonables para mantener la seguridad y privacidad de su Informaci\u00f3n personal. <\/p>\n<h2>PRIVACIDAD DE LOS NI\u00d1OS<\/h2>\n<p>No comercializamos ning\u00fan producto o servicio a menores de dieciocho a\u00f1os ni recopilamos deliberadamente informaci\u00f3n de menores de diecis\u00e9is a\u00f1os. No vendemos ni compartimos deliberadamente la informaci\u00f3n personal de consumidores menores de diecis\u00e9is a\u00f1os para publicidad conductual en contextos cruzados. Nuestros Servicios no est\u00e1n destinados a los ni\u00f1os.  <\/p>\n<h2>CONT\u00c1CTENOS<\/h2>\n<p>Agradecemos sus preguntas, comentarios e inquietudes sobre c\u00f3mo recopilamos, utilizamos, compartimos y protegemos su Informaci\u00f3n personal. Env\u00edenos un correo electr\u00f3nico a <a href=\"mailto:legal@cargado.com\">legal@cargado.com<\/a> con cualquier pregunta o comentario que tenga sobre nuestras pr\u00e1cticas de privacidad. <\/p>\t\t\t\t\t\t\t\t<\/div>\n\t\t\t\t<\/div>\n\t\t\t\t\t<\/div>\n\t\t\t\t<\/div>\n\t\t\t\t<\/div>\n\t\t","protected":false},"excerpt":{"rendered":"<p>Aviso de privacidad de Cargado Fecha de entrada en vigencia: Julio 19, 2024 Cargado (&#8220;nosotros&#8221;, &#8220;nos&#8221; o &#8220;nuestro&#8221;) respeta su privacidad. El presente aviso de privacidad (&#8220;Aviso&#8221;) explica la Informaci\u00f3n personal que recopilamos cuando usted utiliza nuestro sitio web (&#8220;Sitio&#8221;), nuestra aplicaci\u00f3n web (&#8220;Aplicaci\u00f3n&#8221;) o interact\u00faa con nosotros de cualquier otro modo (en adelante, los [&hellip;]<\/p>\n","protected":false},"author":1,"featured_media":2623,"parent":0,"menu_order":0,"comment_status":"closed","ping_status":"closed","template":"","meta":{"content-type":"","footnotes":""},"class_list":["post-2650","page","type-page","status-publish","has-post-thumbnail","hentry"],"ase":null,"_links":{"self":[{"href":"https:\/\/cargado.com\/es-MX\/wp-json\/wp\/v2\/pages\/2650","targetHints":{"allow":["GET"]}}],"collection":[{"href":"https:\/\/cargado.com\/es-MX\/wp-json\/wp\/v2\/pages"}],"about":[{"href":"https:\/\/cargado.com\/es-MX\/wp-json\/wp\/v2\/types\/page"}],"author":[{"embeddable":true,"href":"https:\/\/cargado.com\/es-MX\/wp-json\/wp\/v2\/users\/1"}],"replies":[{"embeddable":true,"href":"https:\/\/cargado.com\/es-MX\/wp-json\/wp\/v2\/comments?post=2650"}],"version-history":[{"count":0,"href":"https:\/\/cargado.com\/es-MX\/wp-json\/wp\/v2\/pages\/2650\/revisions"}],"wp:featuredmedia":[{"embeddable":true,"href":"https:\/\/cargado.com\/es-MX\/wp-json\/wp\/v2\/media\/2623"}],"wp:attachment":[{"href":"https:\/\/cargado.com\/es-MX\/wp-json\/wp\/v2\/media?parent=2650"}],"curies":[{"name":"wp","href":"https:\/\/api.w.org\/{rel}","templated":true}]}}