{"id":2651,"date":"2024-01-19T05:22:26","date_gmt":"2024-01-19T11:22:26","guid":{"rendered":"https:\/\/cargado.com\/avis-de-confidentialite-de-cargado\/"},"modified":"2025-02-12T17:51:03","modified_gmt":"2025-02-12T23:51:03","slug":"avis-de-confidentialite-de-cargado","status":"publish","type":"page","link":"https:\/\/cargado.com\/fr\/avis-de-confidentialite-de-cargado\/","title":{"rendered":"Avis de confidentialit\u00e9 de Cargado"},"content":{"rendered":"\t\t<div data-elementor-type=\"wp-page\" data-elementor-id=\"2651\" class=\"elementor elementor-2651 elementor-783\" data-elementor-post-type=\"page\">\n\t\t\t\t<div class=\"elementor-element elementor-element-6642a92 e-flex e-con-boxed e-con e-parent\" data-id=\"6642a92\" data-element_type=\"container\" data-e-type=\"container\" data-settings=\"{&quot;background_background&quot;:&quot;classic&quot;}\">\n\t\t\t\t\t<div class=\"e-con-inner\">\n\t\t\t\t<div class=\"elementor-element elementor-element-30851ca elementor-widget elementor-widget-heading\" data-id=\"30851ca\" data-element_type=\"widget\" data-e-type=\"widget\" data-widget_type=\"heading.default\">\n\t\t\t\t<div class=\"elementor-widget-container\">\n\t\t\t\t\t<h1 class=\"elementor-heading-title elementor-size-default\">Avis de confidentialit\u00e9 de Cargado<\/h1>\t\t\t\t<\/div>\n\t\t\t\t<\/div>\n\t\t\t\t\t<\/div>\n\t\t\t\t<\/div>\n\t\t<div class=\"elementor-element elementor-element-faa7eae e-flex e-con-boxed e-con e-parent\" data-id=\"faa7eae\" data-element_type=\"container\" data-e-type=\"container\">\n\t\t\t\t\t<div class=\"e-con-inner\">\n\t\t\t\t<div class=\"elementor-element elementor-element-cbfdbf0 elementor-widget__width-initial elementor-widget elementor-widget-text-editor\" data-id=\"cbfdbf0\" data-element_type=\"widget\" data-e-type=\"widget\" data-widget_type=\"text-editor.default\">\n\t\t\t\t<div class=\"elementor-widget-container\">\n\t\t\t\t\t\t\t\t\t<h1>Avis de confidentialit\u00e9 de Cargado<\/h1>\n<p><strong>Date d\u2019entr\u00e9e en vigueur: July 19, 2024<\/strong><\/p>\n<p>Cargado (\u00ab nous \u00bb, \u00ab notre \u00bb ou \u00ab nos \u00bb) respecte votre vie priv\u00e9e. Le pr\u00e9sent avis de confidentialit\u00e9 (\u00ab Avis \u00bb) explique les informations personnelles que nous recueillons lorsque vous utilisez notre site Web (\u00ab Site \u00bb), notre application bas\u00e9e sur le Web (\u00ab App. \u00bb) et que vous interagissez avec nous d&rsquo;une autre mani\u00e8re (l&rsquo;ensemble \u00e9tant d\u00e9sign\u00e9 comme les \u00ab Services \u00bb), les raisons pour lesquelles nous les recueillons, la mani\u00e8re dont nous les utilisons, les partageons et les divulguons, ainsi que les choix que vous pouvez faire en ce qui concerne vos informations personnelles. <\/p>\n<p>Nous pouvons modifier cet Avis en tout temps. Nous vous informerons des modifications importantes en affichant ostensiblement les modifications ainsi qu&rsquo;une alerte sur notre site, en vous envoyant un courriel ou en vous informant de toute autre mani\u00e8re par des m\u00e9thodes similaires et appropri\u00e9es. Toutes les modifications entreront en vigueur d\u00e8s leur publication sur le site, sauf indication contraire.  <\/p>\n<p>Veuillez lire cet Avis attentivement.<\/p>\n<h2>RENSEIGNEMENTS PERSONNELS<\/h2>\n<p>Renseignements personnels sont des renseignements qui vous identifient, vous concernent, vous d\u00e9crivent, peuvent raisonnablement \u00eatre associ\u00e9es \u00e0 vous ou pourraient raisonnablement \u00eatre li\u00e9es (directement ou indirectement) \u00e0 vous. Les renseignements personnels ne comprennent pas les renseignements disponibles dans les archives publiques ou qui ont \u00e9t\u00e9 d\u00e9personnalis\u00e9s, agr\u00e9g\u00e9s ou les deux dans la mesure o\u00f9 ils ne sont plus identifiables. <\/p>\n<h2>RENSEIGNEMENTS PERSONNELS QUE NOUS RECUEILLONS<\/h2>\n<p>Nous pouvons recueillir les renseignements personnels suivants lorsque vous utilisez les services:<\/p>\n<ul>\n<li><strong>Identifiants personnels:<\/strong> tels que votre nom, votre adresse postale, votre num\u00e9ro de t\u00e9l\u00e9phone ou d&rsquo;autres informations similaires.<\/li>\n<li><strong>Donn\u00e9es de g\u00e9olocalisation:<\/strong> Renseignements sur l\u2019emplacement physique, les mouvements ou sur le suivi des d\u00e9placements.<\/li>\n<li><strong>Renseignements sur l&rsquo;activit\u00e9 de l&rsquo;Internet ou d&rsquo;autres r\u00e9seaux \u00e9lectroniques:<\/strong> omme votre adresse IP, renseignements concernant votre interaction avec notre site ou application, t\u00e9moins et renseignements similaires.<\/li>\n<\/ul>\n<p>Nous pouvons \u00e9galement recueillir tout autre renseignement personnel que vous choisissez de nous fournir directement lorsque vous interagissez avec les services.<\/p>\n<h2>COMMENT NOUS RECUEILLONS LES RENSEIGNEMENTS PERSONNELS<\/h2>\n<h3>Directement de vous<\/h3>\n<p>Nous recueillons vos renseignements personnels directement aupr\u00e8s de vous lorsque vous acc\u00e9dez et vous connectez \u00e0 l&rsquo;application ou lorsque vous interagissez avec nous d&rsquo;une autre mani\u00e8re, par exemple lorsque vous vous adressez \u00e0 l&rsquo;assistance \u00e0 la client\u00e8le. Ces renseignements personnels sont n\u00e9cessaires pour vous permettre d&rsquo;acc\u00e9der aux services, de vous les fournir et de les personnaliser. <\/p>\n<h3>De vous automatiquement<\/h3>\n<p>Nous pouvons recueillir automatiquement certains renseignements personnels vous concernant lorsque vous acc\u00e9dez aux services, que vous les utilisez ou que vous interagissez avec eux. Certains de ces renseignements personnels sont n\u00e9cessaires pour rendre certaines parties de nos services disponibles. D\u2019autres renseignements personnels que nous recueillons automatiquement nous aident \u00e0 am\u00e9liorer nos services. Ces renseignements comprennent l\u2019adresse IP et d\u2019autres identifiants d&rsquo;appareils qui sont automatiquement attribu\u00e9s \u00e0 votre ordinateur ou \u00e0 votre appareil lorsque vous acc\u00e9dez \u00e0 l&rsquo;Internet. Pour de plus amples renseignements, veuillez consulter la section \u00ab T\u00e9moins et autres technologies de suivi \u00bb ci-dessous.    <\/p>\n<h3>De tiers<\/h3>\n<p>Nous, ou des tiers agissant en notre nom, pouvons collecter des renseignements personnelles vous concernant aupr\u00e8s de tiers, y compris, mais sans s&rsquo;y limiter, des sources en ligne et hors ligne, des prestataires de services, des soci\u00e9t\u00e9s de solutions de gestion des transports, des soci\u00e9t\u00e9s d&rsquo;affacturage, des soci\u00e9t\u00e9s de g\u00e9olocalisation et d&rsquo;autres entit\u00e9s qui se connectent avec vous sur les Services ou qui utilisent ou activent les fonctionnalit\u00e9s de ces derniers. Nous pouvons \u00e9galement recevoir des renseignements personnels relatifs \u00e0 votre utilisation des services de la part de fournisseurs d&rsquo;analyses tiers. Pour de plus amples renseignements, veuillez consulter la section \u00ab T\u00e9moins, publicit\u00e9 cibl\u00e9e et autres technologies de suivi \u00bb ci-dessous.  <\/p>\n<h2>COMMENT NOUS UTILISONS VOS RENSEIGNEMENTS PERSONNELS<\/h2>\n<p>Nous utilisons vos renseignements personnels \u00e0 des fins commerciales telles que:<\/p>\n<ul>\n<li>Fournir et maintenir les services, y compris pour cr\u00e9er et g\u00e9rer votre compte, v\u00e9rifier votre identit\u00e9, pr\u00e9venir la fraude et r\u00e9soudre les probl\u00e8mes.<\/li>\n<li>Am\u00e9liorer, d\u00e9velopper et analyser les services, y compris pour personnaliser votre exp\u00e9rience des services, effectuer des analyses statistiques et autres, et am\u00e9liorer les services de toute autre mani\u00e8re.<\/li>\n<li>Pour communiquer avec vous au sujet des services, y compris pour vous envoyer des courriels, des textes, des alertes ou des bulletins d&rsquo;information \u00e9lectroniques, pour vous proposer des offres sp\u00e9ciales ou du mat\u00e9riel promotionnel et de marketing, pour vous contacter par t\u00e9l\u00e9phone, pour r\u00e9pondre \u00e0 des demandes de service \u00e0 la client\u00e8le, pour assurer un suivi, ou pour communiquer avec vous de toute autre mani\u00e8re au sujet des services.<\/li>\n<li>Pour l&rsquo;application de la loi et \u00e0 d&rsquo;autres fins juridiques, y compris pour se conformer aux lois, r\u00e8glements ou autres obligations l\u00e9gales, pour se prot\u00e9ger et se d\u00e9fendre contre des actions en justice ou des r\u00e9clamations, pour satisfaire \u00e0 des obligations contractuelles, pour coop\u00e9rer avec les autorit\u00e9s charg\u00e9es de l&rsquo;application de la loi ou d&rsquo;autres organismes gouvernementaux \u00e0 des fins d&rsquo;enqu\u00eate, de s\u00e9curit\u00e9 publique ou de questions d&rsquo;importance publique, lorsque nous pensons raisonnablement que nous sommes tenus de le faire ou que la divulgation des renseignements personnels est n\u00e9cessaire ou appropri\u00e9e pour prot\u00e9ger l&rsquo;int\u00e9r\u00eat public.<\/li>\n<li>\u00c0 d&rsquo;autres fins commerciales, telles que nos objectifs commerciaux internes et ceux que vous autorisez ou ordonnez explicitement.<\/li>\n<\/ul>\n<h2>COMMENT NOUS PARTAGEONS VOS RENSEIGNEMENTS PERSONNELS<\/h2>\n<p>Nous pouvons partager des renseignements personnels avec d&rsquo;autres soci\u00e9t\u00e9s \u00e0 diverses fins commerciales compatibles avec les utilisations d\u00e9crites dans le pr\u00e9sent avis, avec des tiers si cela est n\u00e9cessaire pour fournir et faciliter les services et lorsque vous nous demandez explicitement de le faire, et si la loi l&rsquo;exige ou l&rsquo;autorise, y compris avec:<\/p>\n<ul>\n<li><strong>D\u2019autres parties utilisant les services pour permettre leur fonctionnement:<\/strong> We may share limited Personal Information (for example, name and contact information) with carriers, brokers, and other users of the Services to enable to the functionality of and connect parties using the Services.<\/li>\n<li><strong>Des prestataires de services:<\/strong> Nous pouvons partager vos renseignements personnels avec des prestataires de services pour nous aider \u00e0 h\u00e9berger et \u00e0 g\u00e9rer les services, \u00e0 am\u00e9liorer le contenu et la fonctionnalit\u00e9 des services, \u00e0 effectuer des analyses de donn\u00e9es et des analyses statistiques, \u00e0 r\u00e9soudre des probl\u00e8mes et \u00e0 am\u00e9liorer la s\u00e9curit\u00e9 des services.<\/li>\n<li><strong>Des parties pour des transactions commerciales:<\/strong> Dans le cas d&rsquo;une fusion ou d&rsquo;une acquisition pr\u00e9vue ou r\u00e9elle, d&rsquo;une faillite ou d&rsquo;une autre vente de tout ou partie de nos actifs, nous pouvons transf\u00e9rer ou autoriser des tiers \u00e0 utiliser les renseignements personnels que nous poss\u00e9dons ou contr\u00f4lons. Nous nous r\u00e9servons le droit, dans le cadre de ces types de transactions, de transf\u00e9rer, partager, c\u00e9der ou vendre vos renseignements personnels \u00e0 des tiers ou d&rsquo;autoriser des tiers \u00e0 utiliser des renseignements personnels, y compris \u00e0 des fins de diligence raisonnable dans le cadre de toute transaction d\u00e9crite dans le pr\u00e9sent paragraphe. Tout renseignement personnel recueilli apr\u00e8s ce type de transfert peut faire l&rsquo;objet d&rsquo;un nouvel avis de confidentialit\u00e9 adopt\u00e9 par l&rsquo;entit\u00e9 qui lui succ\u00e8de.  <\/li>\n<li><strong>Partenaires de marketing et de publicit\u00e9:<\/strong> Nous pouvons partager vos renseignements personnels avec des tiers en ligne et d&rsquo;autres partenaires de marketing et de publicit\u00e9 ou permettre \u00e0 ces partenaires de recueillir des renseignements personnels directement aupr\u00e8s de vous sur nos services afin de personnaliser la publicit\u00e9 en ligne.<\/li>\n<li><strong>Application de la loi et autres parties pour des raisons juridiques:<\/strong> Nous pouvons partager vos renseignements personnels avec des tiers si la loi ou une citation \u00e0 compara\u00eetre l&rsquo;exige, ou si nous pensons raisonnablement qu&rsquo;une telle action est n\u00e9cessaire pour se conformer \u00e0 la loi et aux demandes raisonnables des r\u00e9gulateurs, des forces de l&rsquo;ordre ou d&rsquo;autres autorit\u00e9s publiques, pour prot\u00e9ger notre s\u00e9curit\u00e9 et nos droits ou la s\u00e9curit\u00e9 et les droits d&rsquo;autrui, pour enqu\u00eater sur des fraudes ou pour prot\u00e9ger la s\u00e9curit\u00e9 ou l&rsquo;int\u00e9grit\u00e9 de nos services.<\/li>\n<li><strong>Des tiers pour permettre des int\u00e9grations selon vos instructions:<\/strong> Certaines fonctionnalit\u00e9s de l&rsquo;application peuvent vous permettre d&rsquo;activer des int\u00e9grations tierces. Si vous choisissez d&rsquo;activer ces int\u00e9grations, des renseignements personnels limit\u00e9s peuvent \u00eatre partag\u00e9s avec des fournisseurs tiers afin qu&rsquo;ils puissent activer l&rsquo;int\u00e9gration. En choisissant d&rsquo;activer les int\u00e9grations de tiers, vous nous demandez express\u00e9ment de partager ces renseignements personnels, qui peuvent \u00eatre utilis\u00e9s par le fournisseur d&rsquo;int\u00e9gration tiers \u00e0 ses propres fins, sous r\u00e9serve de son propre avis de confidentialit\u00e9.  <\/li>\n<\/ul>\n<h2>COMBIEN DE TEMPS RETENONS-NOUS VOS RENSEIGNEMENTS PERSONNELS<\/h2>\n<p>Nous conservons les renseignements personnels conform\u00e9ment aux lois et aux exigences r\u00e9glementaires applicables et aussi longtemps que n\u00e9cessaire pour atteindre les objectifs commerciaux pour lesquels ils ont \u00e9t\u00e9 collect\u00e9s, comme indiqu\u00e9 dans le pr\u00e9sent avis.<\/p>\n<h2>T\u00c9MOINS, PUBLICIT\u00c9 CIBL\u00c9E ET AUTRES TECHNOLOGIES DE SUIVI<\/h2>\n<p>Nous utilisons des t\u00e9moins, des balises web, des pixels et\/ou d&rsquo;autres technologies de suivi (collectivement, les \u00ab T\u00e9moins \u00bb) sur notre site et notre application. Un t\u00e9moin est un petit fichier texte que notre site enregistre sur votre ordinateur ou votre appareil lorsque vous visitez le site ou utilisez l&rsquo;application, qui nous fournit certaines informations sur vos activit\u00e9s et permet au site ou \u00e0 l&rsquo;application de se souvenir de vos actions et de vos pr\u00e9f\u00e9rences, de vous reconna\u00eetre et de reconna\u00eetre votre navigateur, et de recueillir des renseignements personnels. <\/p>\n<p>Nous utilisons ces outils pour assurer le bon fonctionnement de nos services, fournir des exp\u00e9riences personnalis\u00e9es, adapter nos interactions avec vous, contribuer \u00e0 nos efforts de marketing, nous fournir des renseignements sur l&rsquo;utilisation et l&rsquo;efficacit\u00e9 de nos services et nous aider \u00e0 am\u00e9liorer continuellement nos services.<\/p>\n<p>Nous pouvons \u00e9galement utiliser des t\u00e9moins de connexion pour adapter les publicit\u00e9s ou les offres \u00e0 vos centres d&rsquo;int\u00e9r\u00eat. Nous pouvons autoriser des soci\u00e9t\u00e9s de publicit\u00e9 tierces \u00e0 recueillir des renseignements personnels sur votre activit\u00e9 sur notre site par le biais de t\u00e9moins ou d&rsquo;autres technologies de suivi et \u00e0 combiner ces renseignements personnels avec ceux qu&rsquo;elles collectent sur d&rsquo;autres sites non apparent\u00e9s, que les soci\u00e9t\u00e9s de publicit\u00e9 peuvent utiliser pour vous fournir de la publicit\u00e9 pertinente et cibl\u00e9e. <\/p>\n<h3>Analyses<\/h3>\n<p>Nous utilisons Google Analytics et des technologies similaires pour collecter et traiter les renseignements personnels relatifs \u00e0 votre utilisation du site. Google installe des t\u00e9moins sur votre navigateur ou votre appareil, et votre navigateur Internet envoie automatiquement des renseignements \u00e0 Google. Google utilise ces renseignements pour nous fournir des rapports que nous utilisons pour mieux comprendre et mesurer la fa\u00e7on dont les utilisateurs interagissent avec notre site. Pour en savoir plus sur l&rsquo;utilisation des donn\u00e9es par Google, consultez L&rsquo;avis de confidentialit\u00e9 de Google et la page de Google sur la fa\u00e7on dont Google utilise les donn\u00e9es lorsque vous utilisez les sites ou applications de nos partenaires. Vous pouvez t\u00e9l\u00e9charger le Module compl\u00e9mentaire de navigateur pour la d\u00e9sactivation de Google Analytics pour chaque navigateur web que vous utilisez, mais cela n&#8217;emp\u00eache pas l&rsquo;utilisation d&rsquo;autres outils d&rsquo;analyse. Pour en savoir plus sur les t\u00e9moins de Google Analytics, consultez Utilisation des t\u00e9moins de Google Analytics.     <\/p>\n<h3>Relecture de session<\/h3>\n<p>Nous utilisons un logiciel de relecture de session qui nous permet de collecter des renseignements saisis par des tiers sur la fa\u00e7on dont vous naviguez, utilisez et interagissez avec notre site ou nos services en temps r\u00e9el pour le d\u00e9veloppement de produits, le d\u00e9bogage et l&rsquo;am\u00e9lioration de notre site et de nos services. Les renseignements personnels saisis peuvent inclure la date et l&rsquo;heure de votre visite sur notre site ou nos services, l&rsquo;adresse IP, les renseignements sur le navigateur, l&rsquo;identification de l&rsquo;appareil, le syst\u00e8me d&rsquo;exploitation, les t\u00e9moins et l&rsquo;identification du client, les clics de souris, les mouvements de souris, les frappes et la saisie de texte, le comportement de d\u00e9filement, les mesures comportementales, les cartes thermiques, les temps de chargement des pages Web ou du contenu, et les erreurs du site. En utilisant notre site, vous acceptez que nous et les tiers le saisissant puissent recueillir et utiliser ces renseignements.  <\/p>\n<h2>VOS CHOIX<\/h2>\n<p>Vous pouvez mettre \u00e0 jour ou corriger certains renseignements personnels que vous nous avez fournis en modifiant les renseignements de votre compte sur les services ou en nous contactant \u00e0 l&rsquo;adresse suivante <a href=\"mailto:legal@cargado.com\">legal@cargado.com<\/a>.<\/p>\n<p>Les options et\/ou param\u00e8tres de la plupart des navigateurs Internet vous indiquent comment g\u00e9rer les t\u00e9moins et autres technologies de suivi susceptibles d&rsquo;\u00eatre t\u00e9l\u00e9charg\u00e9s sur votre appareil, y compris comment les d\u00e9sactiver. Vous pouvez d\u00e9sactiver nos t\u00e9moins par le biais des param\u00e8tres de votre navigateur, mais veuillez noter que cela peut avoir une incidence sur certaines fonctions des services et les emp\u00eacher de fonctionner comme pr\u00e9vu. Vous pouvez en savoir plus sur les t\u00e9moins, y compris sur la mani\u00e8re de voir quels t\u00e9moins ont \u00e9t\u00e9 t\u00e9l\u00e9charg\u00e9s sur votre appareil et de les g\u00e9rer, en visitant https:\/\/www.allaboutcookies.org\/.  <\/p>\n<p>Vous pouvez vous d\u00e9sinscrire de nos activit\u00e9s de marketing \u00e0 tout moment en suivant les instructions fournies dans les courriels de marketing ou en nous contactant par courriel \u00e0 l&rsquo;adresse <a href=\"mailto:support@cargado.com\">support@cargado.com<\/a>. Veuillez noter que le fait de refuser nos activit\u00e9s de marketing n&rsquo;affectera pas les communications administratives que nous vous adressons (par exemple, les courriels concernant vos transactions ou les changements de politique). <\/p>\n<h2>M\u00c9DIA SOCIAUX, LIENS, VID\u00c9OS ET SITES EXTERNES<\/h2>\n<p>Des liens vers les sites Web d&rsquo;autres entit\u00e9s peuvent \u00eatre fournis sur notre site pour votre commodit\u00e9. Si vous choisissez de visiter ces sites externes, vous serez soumis \u00e0 leurs pratiques en mati\u00e8re de respect de la vie priv\u00e9e. Cargado n&rsquo;est pas responsable des pratiques de confidentialit\u00e9 des parties ou sites Web externes. Nous vous encourageons \u00e0 \u00eatre vigilant lorsque vous quittez notre site et \u00e0 lire l&rsquo;avis de confidentialit\u00e9 de chaque site Web que vous visitez.   <\/p>\n<h2>COMMENT NOUS PROT\u00c9GEONS VOS RENSEIGNEMENTS PERSONNELS<\/h2>\n<p>La protection de vos renseignements personnels est importante pour nous. Nous utilisons des mesures de protection administratives, techniques et physiques commercialement raisonnables pour maintenir la s\u00e9curit\u00e9 et la confidentialit\u00e9 de vos renseignements personnels. <\/p>\n<h2>VIE PRIV\u00c9E DES ENFANTS<\/h2>\n<p>Nous ne commercialisons aucun produit ou service aupr\u00e8s d&rsquo;enfants de moins de dix-huit ans et ne recueillons pas sciemment de renseignements aupr\u00e8s d&rsquo;enfants de moins de seize ans. Nous ne vendons ni ne partageons sciemment les renseignements personnels de consommateurs \u00e2g\u00e9s de moins de seize ans \u00e0 des fins de publicit\u00e9 comportementale transversale. Nos services ne sont pas destin\u00e9s aux enfants.  <\/p>\n<h2>CONTACTEZ-NOUS<\/h2>\n<p>Nous appr\u00e9cions vos questions, commentaires et pr\u00e9occupations concernant la fa\u00e7on dont nous recueillons, utilisons, partageons et prot\u00e9geons vos renseignements personnels. Veuillez nous envoyer un courriel \u00e0 <a href=\"mailto:legal@cargado.com\">legal@cargado.com<\/a> with any questions or feedback you have pertaining to our privacy practices. <\/p>\t\t\t\t\t\t\t\t<\/div>\n\t\t\t\t<\/div>\n\t\t\t\t\t<\/div>\n\t\t\t\t<\/div>\n\t\t\t\t<\/div>\n\t\t","protected":false},"excerpt":{"rendered":"<p>Avis de confidentialit\u00e9 de Cargado Date d\u2019entr\u00e9e en vigueur: July 19, 2024 Cargado (\u00ab nous \u00bb, \u00ab notre \u00bb ou \u00ab nos \u00bb) respecte votre vie priv\u00e9e. Le pr\u00e9sent avis de confidentialit\u00e9 (\u00ab Avis \u00bb) explique les informations personnelles que nous recueillons lorsque vous utilisez notre site Web (\u00ab Site \u00bb), notre application bas\u00e9e sur [&hellip;]<\/p>\n","protected":false},"author":1,"featured_media":2622,"parent":0,"menu_order":0,"comment_status":"closed","ping_status":"closed","template":"","meta":{"content-type":"","footnotes":""},"class_list":["post-2651","page","type-page","status-publish","has-post-thumbnail","hentry"],"ase":null,"_links":{"self":[{"href":"https:\/\/cargado.com\/fr\/wp-json\/wp\/v2\/pages\/2651","targetHints":{"allow":["GET"]}}],"collection":[{"href":"https:\/\/cargado.com\/fr\/wp-json\/wp\/v2\/pages"}],"about":[{"href":"https:\/\/cargado.com\/fr\/wp-json\/wp\/v2\/types\/page"}],"author":[{"embeddable":true,"href":"https:\/\/cargado.com\/fr\/wp-json\/wp\/v2\/users\/1"}],"replies":[{"embeddable":true,"href":"https:\/\/cargado.com\/fr\/wp-json\/wp\/v2\/comments?post=2651"}],"version-history":[{"count":0,"href":"https:\/\/cargado.com\/fr\/wp-json\/wp\/v2\/pages\/2651\/revisions"}],"wp:featuredmedia":[{"embeddable":true,"href":"https:\/\/cargado.com\/fr\/wp-json\/wp\/v2\/media\/2622"}],"wp:attachment":[{"href":"https:\/\/cargado.com\/fr\/wp-json\/wp\/v2\/media?parent=2651"}],"curies":[{"name":"wp","href":"https:\/\/api.w.org\/{rel}","templated":true}]}}